{"id":1364,"date":"2023-05-19T17:45:12","date_gmt":"2023-05-19T17:45:12","guid":{"rendered":"https:\/\/adminoption.com\/termes-conditions\/"},"modified":"2023-05-19T17:45:13","modified_gmt":"2023-05-19T17:45:13","slug":"termes-conditions","status":"publish","type":"page","link":"https:\/\/adminoption.com\/fr\/termes-conditions\/","title":{"rendered":"Termes &amp; Conditions"},"content":{"rendered":"\t\t<div data-elementor-type=\"wp-page\" data-elementor-id=\"1364\" class=\"elementor elementor-1364 elementor-1359\" data-elementor-post-type=\"page\">\n\t\t\t\t\t\t<section class=\"elementor-section elementor-top-section elementor-element elementor-element-6435a29b elementor-section-boxed ang-section-padding-initial elementor-section-height-default elementor-section-height-default elementor-repeater-item-none elementor-repeater-item-none_hover\" data-id=\"6435a29b\" data-element_type=\"section\">\n\t\t\t\t\t\t<div class=\"elementor-container elementor-column-gap-default\">\n\t\t\t\t\t<div class=\"elementor-column elementor-col-100 elementor-top-column elementor-element elementor-element-34853f22 elementor-repeater-item-none elementor-repeater-item-none_hover\" data-id=\"34853f22\" data-element_type=\"column\">\n\t\t\t<div class=\"elementor-widget-wrap elementor-element-populated\">\n\t\t\t\t\t\t<div class=\"elementor-element elementor-element-d6e21f3 elementor-repeater-item-none elementor-repeater-item-none_hover elementor-widget elementor-widget-text-editor\" data-id=\"d6e21f3\" data-element_type=\"widget\" data-widget_type=\"text-editor.default\">\n\t\t\t\t<div class=\"elementor-widget-container\">\n\t\t\t\t\t\t\t\t\t\n<p>Veuillez lire attentivement ces Termes et Conditions (\u00ab\u00a0Conditions\u00a0\u00bb, \u00ab\u00a0Termes et Conditions\u00a0\u00bb) avant d&rsquo;utiliser le site Web www.adminoption.com exploit\u00e9 par AdminOption\/Gis\u00e8le Cadieux (\u00ab\u00a0nous\u00a0\u00bb ou \u00ab\u00a0notre\u00a0\u00bb).<\/p>\n\n<p>Votre acc\u00e8s et votre utilisation du Service sont conditionn\u00e9s par votre acceptation et votre respect des pr\u00e9sentes Conditions Ces Conditions s&rsquo;appliquent \u00e0 tous les visiteurs, utilisateurs et autres qui acc\u00e8dent ou utilisent le Service.<\/p>\n\n<p class=\"wp-block-heading\">En acc\u00e9dant ou en utilisant le Service, vous acceptez d&rsquo;\u00eatre li\u00e9 par ces Conditions. Si vous n&rsquo;\u00eates pas d&rsquo;accord avec une partie des conditions, vous ne pouvez pas acc\u00e9der au service.<\/p>\n\n<p><strong>Liens vers d&rsquo;autres sites Web<\/strong><\/p>\n\n<p>Notre service peut contenir des liens vers des sites Web tiers ou des services qui ne sont pas d\u00e9tenus ou contr\u00f4l\u00e9s par AdminOption\/Gis\u00e8le Cadieux<\/p>\n\n<p>AdminOption\/Gis\u00e8le Cadieux n&rsquo;a aucun contr\u00f4le sur, et n&rsquo;assume aucune responsabilit\u00e9 pour, le contenu, les politiques de confidentialit\u00e9 ou les pratiques de tout site Web ou service tiers. Vous reconnaissez et acceptez en outre qu&rsquo;AdminOption\/Gis\u00e8le Cadieux ne sera pas responsable, directement ou indirectement, de tout dommage ou perte caus\u00e9 ou pr\u00e9sum\u00e9 avoir \u00e9t\u00e9 caus\u00e9 par ou en relation avec l&rsquo;utilisation ou la confiance accord\u00e9e \u00e0 ces contenus, biens ou services disponibles. sur ou via ces sites Web ou services.<\/p>\n\n<p class=\"wp-block-heading\"><strong>R\u00e9siliation<\/strong><\/p>\n\n<p>Nous pouvons r\u00e9silier ou suspendre l&rsquo;acc\u00e8s \u00e0 notre Service imm\u00e9diatement, sans pr\u00e9avis ni responsabilit\u00e9, pour quelque raison que ce soit, y compris, sans s&rsquo;y limiter, si vous enfreignez les Conditions.<\/p>\n\n<p>Toutes les dispositions des Conditions qui, de par leur nature, devraient survivre \u00e0 la r\u00e9siliation survivront \u00e0 la r\u00e9siliation, y compris, sans s&rsquo;y limiter, les dispositions relatives \u00e0 la propri\u00e9t\u00e9, les exclusions de garantie, l&rsquo;indemnisation et les limitations de responsabilit\u00e9.<\/p>\n\n<p class=\"wp-block-heading\"><strong>Changes<\/strong><\/p>\n\n<p>Nous nous r\u00e9servons le droit, \u00e0 notre seule discr\u00e9tion, de modifier ou de remplacer ces Conditions \u00e0 tout moment. Si une r\u00e9vision est importante, nous essaierons de fournir au moins 30 jours<\/p>\n\n<p>de pr\u00e9avis avant l&rsquo;entr\u00e9e en vigueur de nouvelles conditions. Ce qui constitue un changement important sera d\u00e9termin\u00e9 \u00e0 notre seule discr\u00e9tion.<\/p>\n\n<p><strong>Contactez-nous<\/strong><\/p>\n\n<p>Si vous avez des questions sur ces conditions, veuillez nous contacter.<\/p>\n\n<ul>\n<li>Par courriel: info@adminoption.com<\/li>\n<\/ul>\n\t\t\t\t\t\t\t\t<\/div>\n\t\t\t\t<\/div>\n\t\t\t\t\t<\/div>\n\t\t<\/div>\n\t\t\t\t\t<\/div>\n\t\t<\/section>\n\t\t\t\t<\/div>\n\t\t","protected":false},"excerpt":{"rendered":"<p>Veuillez lire attentivement ces Termes et Conditions (\u00ab\u00a0Conditions\u00a0\u00bb, \u00ab\u00a0Termes et Conditions\u00a0\u00bb) avant d&rsquo;utiliser le site Web www.adminoption.com exploit\u00e9 par AdminOption\/Gis\u00e8le Cadieux (\u00ab\u00a0nous\u00a0\u00bb ou \u00ab\u00a0notre\u00a0\u00bb). Votre acc\u00e8s et votre utilisation du Service sont conditionn\u00e9s par votre acceptation et votre respect des pr\u00e9sentes Conditions Ces Conditions s&rsquo;appliquent \u00e0 tous les visiteurs, utilisateurs et autres qui acc\u00e8dent ou [&hellip;]<\/p>\n","protected":false},"author":1,"featured_media":0,"parent":0,"menu_order":0,"comment_status":"closed","ping_status":"closed","template":"","meta":{"footnotes":""},"class_list":["post-1364","page","type-page","status-publish","hentry"],"yoast_head":"<!-- This site is optimized with the Yoast SEO plugin v26.7 - https:\/\/yoast.com\/wordpress\/plugins\/seo\/ -->\n<title>Termes &amp; Conditions - AdminOption<\/title>\n<meta name=\"robots\" content=\"index, follow, max-snippet:-1, max-image-preview:large, max-video-preview:-1\" \/>\n<link rel=\"canonical\" href=\"https:\/\/adminoption.com\/fr\/termes-conditions\/\" \/>\n<meta property=\"og:locale\" content=\"fr_FR\" \/>\n<meta property=\"og:type\" content=\"article\" \/>\n<meta property=\"og:title\" content=\"Termes &amp; Conditions - AdminOption\" \/>\n<meta property=\"og:description\" content=\"Veuillez lire attentivement ces Termes et Conditions (\u00ab\u00a0Conditions\u00a0\u00bb, \u00ab\u00a0Termes et Conditions\u00a0\u00bb) avant d&rsquo;utiliser le site Web www.adminoption.com exploit\u00e9 par AdminOption\/Gis\u00e8le Cadieux (\u00ab\u00a0nous\u00a0\u00bb ou \u00ab\u00a0notre\u00a0\u00bb). Votre acc\u00e8s et votre utilisation du Service sont conditionn\u00e9s par votre acceptation et votre respect des pr\u00e9sentes Conditions Ces Conditions s&rsquo;appliquent \u00e0 tous les visiteurs, utilisateurs et autres qui acc\u00e8dent ou [&hellip;]\" \/>\n<meta property=\"og:url\" content=\"https:\/\/adminoption.com\/fr\/termes-conditions\/\" \/>\n<meta property=\"og:site_name\" content=\"AdminOption\" \/>\n<meta property=\"article:publisher\" content=\"https:\/\/www.facebook.com\/AdminOption\" \/>\n<meta property=\"article:modified_time\" content=\"2023-05-19T17:45:13+00:00\" \/>\n<meta name=\"twitter:card\" content=\"summary_large_image\" \/>\n<meta name=\"twitter:label1\" content=\"Dur\u00e9e de lecture estim\u00e9e\" \/>\n\t<meta name=\"twitter:data1\" content=\"2 minutes\" \/>\n<script type=\"application\/ld+json\" class=\"yoast-schema-graph\">{\"@context\":\"https:\/\/schema.org\",\"@graph\":[{\"@type\":\"WebPage\",\"@id\":\"https:\/\/adminoption.com\/fr\/termes-conditions\/\",\"url\":\"https:\/\/adminoption.com\/fr\/termes-conditions\/\",\"name\":\"Termes &amp; Conditions - AdminOption\",\"isPartOf\":{\"@id\":\"https:\/\/adminoption.com\/fr\/#website\"},\"datePublished\":\"2023-05-19T17:45:12+00:00\",\"dateModified\":\"2023-05-19T17:45:13+00:00\",\"breadcrumb\":{\"@id\":\"https:\/\/adminoption.com\/fr\/termes-conditions\/#breadcrumb\"},\"inLanguage\":\"fr-FR\",\"potentialAction\":[{\"@type\":\"ReadAction\",\"target\":[\"https:\/\/adminoption.com\/fr\/termes-conditions\/\"]}]},{\"@type\":\"BreadcrumbList\",\"@id\":\"https:\/\/adminoption.com\/fr\/termes-conditions\/#breadcrumb\",\"itemListElement\":[{\"@type\":\"ListItem\",\"position\":1,\"name\":\"Home\",\"item\":\"https:\/\/adminoption.com\/fr\/home\/\"},{\"@type\":\"ListItem\",\"position\":2,\"name\":\"Termes &amp; Conditions\"}]},{\"@type\":\"WebSite\",\"@id\":\"https:\/\/adminoption.com\/fr\/#website\",\"url\":\"https:\/\/adminoption.com\/fr\/\",\"name\":\"AdminOption\",\"description\":\"Virtual Assistant Services\",\"publisher\":{\"@id\":\"https:\/\/adminoption.com\/fr\/#organization\"},\"potentialAction\":[{\"@type\":\"SearchAction\",\"target\":{\"@type\":\"EntryPoint\",\"urlTemplate\":\"https:\/\/adminoption.com\/fr\/?s={search_term_string}\"},\"query-input\":{\"@type\":\"PropertyValueSpecification\",\"valueRequired\":true,\"valueName\":\"search_term_string\"}}],\"inLanguage\":\"fr-FR\"},{\"@type\":\"Organization\",\"@id\":\"https:\/\/adminoption.com\/fr\/#organization\",\"name\":\"AdminOption\",\"url\":\"https:\/\/adminoption.com\/fr\/\",\"logo\":{\"@type\":\"ImageObject\",\"inLanguage\":\"fr-FR\",\"@id\":\"https:\/\/adminoption.com\/fr\/#\/schema\/logo\/image\/\",\"url\":\"https:\/\/adminoption.com\/wp-content\/uploads\/2020\/08\/cropped-cropped-logo.png\",\"contentUrl\":\"https:\/\/adminoption.com\/wp-content\/uploads\/2020\/08\/cropped-cropped-logo.png\",\"width\":499,\"height\":185,\"caption\":\"AdminOption\"},\"image\":{\"@id\":\"https:\/\/adminoption.com\/fr\/#\/schema\/logo\/image\/\"},\"sameAs\":[\"https:\/\/www.facebook.com\/AdminOption\",\"https:\/\/www.instagram.com\/adminoption\/\",\"https:\/\/www.linkedin.com\/in\/gisele-cadieux-adminoption\/\",\"https:\/\/www.alignable.com\/montreal-qc\/adminoption\"]}]}<\/script>\n<!-- \/ Yoast SEO plugin. -->","yoast_head_json":{"title":"Termes &amp; Conditions - AdminOption","robots":{"index":"index","follow":"follow","max-snippet":"max-snippet:-1","max-image-preview":"max-image-preview:large","max-video-preview":"max-video-preview:-1"},"canonical":"https:\/\/adminoption.com\/fr\/termes-conditions\/","og_locale":"fr_FR","og_type":"article","og_title":"Termes &amp; Conditions - AdminOption","og_description":"Veuillez lire attentivement ces Termes et Conditions (\u00ab\u00a0Conditions\u00a0\u00bb, \u00ab\u00a0Termes et Conditions\u00a0\u00bb) avant d&rsquo;utiliser le site Web www.adminoption.com exploit\u00e9 par AdminOption\/Gis\u00e8le Cadieux (\u00ab\u00a0nous\u00a0\u00bb ou \u00ab\u00a0notre\u00a0\u00bb). Votre acc\u00e8s et votre utilisation du Service sont conditionn\u00e9s par votre acceptation et votre respect des pr\u00e9sentes Conditions Ces Conditions s&rsquo;appliquent \u00e0 tous les visiteurs, utilisateurs et autres qui acc\u00e8dent ou [&hellip;]","og_url":"https:\/\/adminoption.com\/fr\/termes-conditions\/","og_site_name":"AdminOption","article_publisher":"https:\/\/www.facebook.com\/AdminOption","article_modified_time":"2023-05-19T17:45:13+00:00","twitter_card":"summary_large_image","twitter_misc":{"Dur\u00e9e de lecture estim\u00e9e":"2 minutes"},"schema":{"@context":"https:\/\/schema.org","@graph":[{"@type":"WebPage","@id":"https:\/\/adminoption.com\/fr\/termes-conditions\/","url":"https:\/\/adminoption.com\/fr\/termes-conditions\/","name":"Termes &amp; Conditions - AdminOption","isPartOf":{"@id":"https:\/\/adminoption.com\/fr\/#website"},"datePublished":"2023-05-19T17:45:12+00:00","dateModified":"2023-05-19T17:45:13+00:00","breadcrumb":{"@id":"https:\/\/adminoption.com\/fr\/termes-conditions\/#breadcrumb"},"inLanguage":"fr-FR","potentialAction":[{"@type":"ReadAction","target":["https:\/\/adminoption.com\/fr\/termes-conditions\/"]}]},{"@type":"BreadcrumbList","@id":"https:\/\/adminoption.com\/fr\/termes-conditions\/#breadcrumb","itemListElement":[{"@type":"ListItem","position":1,"name":"Home","item":"https:\/\/adminoption.com\/fr\/home\/"},{"@type":"ListItem","position":2,"name":"Termes &amp; Conditions"}]},{"@type":"WebSite","@id":"https:\/\/adminoption.com\/fr\/#website","url":"https:\/\/adminoption.com\/fr\/","name":"AdminOption","description":"Virtual Assistant Services","publisher":{"@id":"https:\/\/adminoption.com\/fr\/#organization"},"potentialAction":[{"@type":"SearchAction","target":{"@type":"EntryPoint","urlTemplate":"https:\/\/adminoption.com\/fr\/?s={search_term_string}"},"query-input":{"@type":"PropertyValueSpecification","valueRequired":true,"valueName":"search_term_string"}}],"inLanguage":"fr-FR"},{"@type":"Organization","@id":"https:\/\/adminoption.com\/fr\/#organization","name":"AdminOption","url":"https:\/\/adminoption.com\/fr\/","logo":{"@type":"ImageObject","inLanguage":"fr-FR","@id":"https:\/\/adminoption.com\/fr\/#\/schema\/logo\/image\/","url":"https:\/\/adminoption.com\/wp-content\/uploads\/2020\/08\/cropped-cropped-logo.png","contentUrl":"https:\/\/adminoption.com\/wp-content\/uploads\/2020\/08\/cropped-cropped-logo.png","width":499,"height":185,"caption":"AdminOption"},"image":{"@id":"https:\/\/adminoption.com\/fr\/#\/schema\/logo\/image\/"},"sameAs":["https:\/\/www.facebook.com\/AdminOption","https:\/\/www.instagram.com\/adminoption\/","https:\/\/www.linkedin.com\/in\/gisele-cadieux-adminoption\/","https:\/\/www.alignable.com\/montreal-qc\/adminoption"]}]}},"_links":{"self":[{"href":"https:\/\/adminoption.com\/fr\/wp-json\/wp\/v2\/pages\/1364","targetHints":{"allow":["GET"]}}],"collection":[{"href":"https:\/\/adminoption.com\/fr\/wp-json\/wp\/v2\/pages"}],"about":[{"href":"https:\/\/adminoption.com\/fr\/wp-json\/wp\/v2\/types\/page"}],"author":[{"embeddable":true,"href":"https:\/\/adminoption.com\/fr\/wp-json\/wp\/v2\/users\/1"}],"replies":[{"embeddable":true,"href":"https:\/\/adminoption.com\/fr\/wp-json\/wp\/v2\/comments?post=1364"}],"version-history":[{"count":1,"href":"https:\/\/adminoption.com\/fr\/wp-json\/wp\/v2\/pages\/1364\/revisions"}],"predecessor-version":[{"id":1365,"href":"https:\/\/adminoption.com\/fr\/wp-json\/wp\/v2\/pages\/1364\/revisions\/1365"}],"wp:attachment":[{"href":"https:\/\/adminoption.com\/fr\/wp-json\/wp\/v2\/media?parent=1364"}],"curies":[{"name":"wp","href":"https:\/\/api.w.org\/{rel}","templated":true}]}}