{"id":399,"date":"2020-08-27T14:29:11","date_gmt":"2020-08-27T14:29:11","guid":{"rendered":"https:\/\/adminoption.com\/?page_id=399"},"modified":"2025-06-10T20:40:52","modified_gmt":"2025-06-10T20:40:52","slug":"contactez-moi","status":"publish","type":"page","link":"https:\/\/adminoption.com\/fr\/contactez-moi\/","title":{"rendered":"Contactez-moi"},"content":{"rendered":"\t\t<div data-elementor-type=\"wp-page\" data-elementor-id=\"399\" class=\"elementor elementor-399 elementor-142\" data-elementor-post-type=\"page\">\n\t\t\t\t<div class=\"elementor-element elementor-element-12b48a8 e-flex e-con-boxed elementor-repeater-item-default_padding sk-none elementor-repeater-item-none elementor-repeater-item-none_hover e-con e-parent\" data-id=\"12b48a8\" data-element_type=\"container\" data-settings=\"{&quot;background_background&quot;:&quot;classic&quot;,&quot;ang_container_spacing_size&quot;:&quot;default_padding&quot;}\">\n\t\t\t\t\t<div class=\"e-con-inner\">\n\t\t\t\t<div class=\"elementor-element elementor-element-129b0b3 elementor-repeater-item-none elementor-repeater-item-none_hover elementor-widget elementor-widget-heading\" data-id=\"129b0b3\" data-element_type=\"widget\" data-widget_type=\"heading.default\">\n\t\t\t\t<div class=\"elementor-widget-container\">\n\t\t\t\t\t<h1 class=\"elementor-heading-title elementor-size-xxl\">Contactez-moi<\/h1>\t\t\t\t<\/div>\n\t\t\t\t<\/div>\n\t\t<div class=\"elementor-element elementor-element-d721816 e-con-full e-flex elementor-repeater-item-default_padding elementor-repeater-item-none elementor-repeater-item-none_hover e-con e-child\" data-id=\"d721816\" data-element_type=\"container\" data-settings=\"{&quot;background_background&quot;:&quot;slideshow&quot;,&quot;ang_container_spacing_size&quot;:&quot;default_padding&quot;,&quot;background_slideshow_gallery&quot;:[],&quot;background_slideshow_loop&quot;:&quot;yes&quot;,&quot;background_slideshow_slide_duration&quot;:5000,&quot;background_slideshow_slide_transition&quot;:&quot;fade&quot;,&quot;background_slideshow_transition_duration&quot;:500}\">\n\t\t\t\t<\/div>\n\t\t\t\t\t<\/div>\n\t\t\t\t<\/div>\n\t\t<div class=\"elementor-element elementor-element-ce75fd2 e-flex e-con-boxed elementor-repeater-item-default_padding elementor-repeater-item-none elementor-repeater-item-none_hover e-con e-parent\" data-id=\"ce75fd2\" data-element_type=\"container\" data-settings=\"{&quot;ang_container_spacing_size&quot;:&quot;default_padding&quot;}\">\n\t\t\t\t\t<div class=\"e-con-inner\">\n\t\t\t\t<div class=\"elementor-element elementor-element-8faccf6 elementor-repeater-item-none elementor-repeater-item-none_hover elementor-widget elementor-widget-heading\" data-id=\"8faccf6\" data-element_type=\"widget\" data-widget_type=\"heading.default\">\n\t\t\t\t<div class=\"elementor-widget-container\">\n\t\t\t\t\t<h1 class=\"elementor-heading-title elementor-size-medium\">QUESTIONS?<\/h1>\t\t\t\t<\/div>\n\t\t\t\t<\/div>\n\t\t\t\t<div class=\"elementor-element elementor-element-af70b5e elementor-repeater-item-none elementor-repeater-item-none_hover elementor-widget elementor-widget-text-editor\" data-id=\"af70b5e\" data-element_type=\"widget\" data-widget_type=\"text-editor.default\">\n\t\t\t\t<div class=\"elementor-widget-container\">\n\t\t\t\t\t\t\t\t\t<p>La meilleure fa\u00e7on de d\u00e9couvrir comment je peux vous aider est de me contacter. Offrez-vous cette opportunit\u00e9 !<br>Envoyez-moi un courriel par le formulaire ci-dessous et je vous recontacterai dans les plus brefs d\u00e9lais.<br>Vous pouvez aussi m&rsquo;appeler au 514-716-7710.<\/p>\t\t\t\t\t\t\t\t<\/div>\n\t\t\t\t<\/div>\n\t\t\t\t<div class=\"elementor-element elementor-element-037ca97 elementor-button-align-center elementor-repeater-item-none elementor-repeater-item-none_hover elementor-widget elementor-widget-form\" data-id=\"037ca97\" data-element_type=\"widget\" data-settings=\"{&quot;step_next_label&quot;:&quot;Suivant&quot;,&quot;step_previous_label&quot;:&quot;Pr\\u00e9c\\u00e9dent&quot;,&quot;button_width&quot;:&quot;100&quot;,&quot;step_type&quot;:&quot;number_text&quot;,&quot;step_icon_shape&quot;:&quot;circle&quot;}\" data-widget_type=\"form.default\">\n\t\t\t\t<div class=\"elementor-widget-container\">\n\t\t\t\t\t\t\t<form class=\"elementor-form\" method=\"post\" name=\"Nouveau Formulaire\">\n\t\t\t<input type=\"hidden\" name=\"post_id\" value=\"399\"\/>\n\t\t\t<input type=\"hidden\" name=\"form_id\" value=\"037ca97\"\/>\n\t\t\t<input type=\"hidden\" name=\"referer_title\" value=\"Contactez-moi - AdminOption\" \/>\n\n\t\t\t\t\t\t\t<input type=\"hidden\" name=\"queried_id\" value=\"399\"\/>\n\t\t\t\n\t\t\t<div class=\"elementor-form-fields-wrapper elementor-labels-above\">\n\t\t\t\t\t\t\t\t<div class=\"elementor-field-type-text elementor-field-group elementor-column elementor-field-group-name elementor-col-100 elementor-field-required elementor-mark-required\">\n\t\t\t\t\t\t\t\t\t\t\t\t<label for=\"form-field-name\" class=\"elementor-field-label\">\n\t\t\t\t\t\t\t\tNom\t\t\t\t\t\t\t<\/label>\n\t\t\t\t\t\t\t\t\t\t\t\t\t\t<input size=\"1\" type=\"text\" name=\"form_fields[name]\" id=\"form-field-name\" class=\"elementor-field elementor-size-sm  elementor-field-textual\" required=\"required\" aria-required=\"true\">\n\t\t\t\t\t\t\t\t\t\t\t<\/div>\n\t\t\t\t\t\t\t\t<div class=\"elementor-field-type-email elementor-field-group elementor-column elementor-field-group-email elementor-col-100 elementor-field-required elementor-mark-required\">\n\t\t\t\t\t\t\t\t\t\t\t\t<label for=\"form-field-email\" class=\"elementor-field-label\">\n\t\t\t\t\t\t\t\tAdresse e-mail\t\t\t\t\t\t\t<\/label>\n\t\t\t\t\t\t\t\t\t\t\t\t\t\t<input size=\"1\" type=\"email\" name=\"form_fields[email]\" id=\"form-field-email\" class=\"elementor-field elementor-size-sm  elementor-field-textual\" required=\"required\" aria-required=\"true\">\n\t\t\t\t\t\t\t\t\t\t\t<\/div>\n\t\t\t\t\t\t\t\t<div class=\"elementor-field-type-text elementor-field-group elementor-column elementor-field-group-message elementor-col-100 elementor-field-required elementor-mark-required\">\n\t\t\t\t\t\t\t\t\t\t\t\t<label for=\"form-field-message\" class=\"elementor-field-label\">\n\t\t\t\t\t\t\t\tQuel service vous int\u00e9resse?\t\t\t\t\t\t\t<\/label>\n\t\t\t\t\t\t\t\t\t\t\t\t\t\t<input size=\"1\" type=\"text\" name=\"form_fields[message]\" id=\"form-field-message\" class=\"elementor-field elementor-size-sm  elementor-field-textual\" required=\"required\" aria-required=\"true\">\n\t\t\t\t\t\t\t\t\t\t\t<\/div>\n\t\t\t\t\t\t\t\t<div class=\"elementor-field-type-text\">\n\t\t\t\t\t<input size=\"1\" type=\"text\" name=\"form_fields[field_d46b7f2]\" id=\"form-field-field_d46b7f2\" class=\"elementor-field elementor-size-sm \" style=\"display:none !important;\">\t\t\t\t<\/div>\n\t\t\t\t\t\t\t\t<div class=\"elementor-field-type-text elementor-field-group elementor-column elementor-field-group-field_6a243cf elementor-col-100 elementor-field-required elementor-mark-required\">\n\t\t\t\t\t\t\t\t\t\t\t\t<label for=\"form-field-field_6a243cf\" class=\"elementor-field-label\">\n\t\t\t\t\t\t\t\tR\u00e9pondez: 21 + 4 - 5\t\t\t\t\t\t\t<\/label>\n\t\t\t\t\t\t\t\t\t\t\t\t\t\t<input size=\"1\" type=\"text\" name=\"form_fields[field_6a243cf]\" id=\"form-field-field_6a243cf\" class=\"elementor-field elementor-size-sm  elementor-field-textual\" required=\"required\" aria-required=\"true\">\n\t\t\t\t\t\t\t\t\t\t\t<\/div>\n\t\t\t\t\t\t\t\t<div class=\"elementor-field-type-recaptcha elementor-field-group elementor-column elementor-field-group-field_b07fd37 elementor-col-100\">\n\t\t\t\t\t<div class=\"elementor-field\" id=\"form-field-field_b07fd37\"><div class=\"elementor-g-recaptcha\" data-sitekey=\"6LdSRyMpAAAAAOjcYxQYxELnvol42OXiDFku_vs6\" data-type=\"v2_checkbox\" data-theme=\"light\" data-size=\"normal\"><\/div><\/div>\t\t\t\t<\/div>\n\t\t\t\t\t\t\t\t<div class=\"elementor-field-group elementor-column elementor-field-type-submit elementor-col-100 e-form__buttons\">\n\t\t\t\t\t<button class=\"elementor-button elementor-size-sm\" type=\"submit\">\n\t\t\t\t\t\t<span class=\"elementor-button-content-wrapper\">\n\t\t\t\t\t\t\t\t\t\t\t\t\t\t\t\t\t\t\t\t\t\t<span class=\"elementor-button-text\">Je d\u00e9sire plus d'information<\/span>\n\t\t\t\t\t\t\t\t\t\t\t\t\t<\/span>\n\t\t\t\t\t<\/button>\n\t\t\t\t<\/div>\n\t\t\t<\/div>\n\t\t<\/form>\n\t\t\t\t\t\t<\/div>\n\t\t\t\t<\/div>\n\t\t\t\t\t<\/div>\n\t\t\t\t<\/div>\n\t\t\t\t<\/div>\n\t\t","protected":false},"excerpt":{"rendered":"<p>Contactez-moi QUESTIONS? La meilleure fa\u00e7on de d\u00e9couvrir comment je peux vous aider est de me contacter. Offrez-vous cette opportunit\u00e9 !Envoyez-moi un courriel par le formulaire ci-dessous et je vous recontacterai dans les plus brefs d\u00e9lais.Vous pouvez aussi m&rsquo;appeler au 514-716-7710.<\/p>\n","protected":false},"author":1,"featured_media":0,"parent":0,"menu_order":0,"comment_status":"closed","ping_status":"closed","template":"","meta":{"footnotes":""},"class_list":["post-399","page","type-page","status-publish","hentry"],"yoast_head":"<!-- This site is optimized with the Yoast SEO plugin v26.7 - https:\/\/yoast.com\/wordpress\/plugins\/seo\/ -->\n<title>Contactez-moi - AdminOption<\/title>\n<meta name=\"description\" content=\"AdminOption est une soci\u00e9t\u00e9 priv\u00e9e qui fournit des services d&#039;assistance virtuelle administratifs et techniques. Contactez-nous pour plus me d&#039;infos.\" \/>\n<meta name=\"robots\" content=\"index, follow, max-snippet:-1, max-image-preview:large, max-video-preview:-1\" \/>\n<link rel=\"canonical\" href=\"https:\/\/adminoption.com\/fr\/contactez-moi\/\" \/>\n<meta property=\"og:locale\" content=\"fr_FR\" \/>\n<meta property=\"og:type\" content=\"article\" \/>\n<meta property=\"og:title\" content=\"Contactez-moi - AdminOption\" \/>\n<meta property=\"og:description\" content=\"AdminOption est une soci\u00e9t\u00e9 priv\u00e9e qui fournit des services d&#039;assistance virtuelle administratifs et techniques. Contactez-nous pour plus me d&#039;infos.\" \/>\n<meta property=\"og:url\" content=\"https:\/\/adminoption.com\/fr\/contactez-moi\/\" \/>\n<meta property=\"og:site_name\" content=\"AdminOption\" \/>\n<meta property=\"article:publisher\" content=\"https:\/\/www.facebook.com\/AdminOption\" \/>\n<meta property=\"article:modified_time\" content=\"2025-06-10T20:40:52+00:00\" \/>\n<meta name=\"twitter:card\" content=\"summary_large_image\" \/>\n<meta name=\"twitter:label1\" content=\"Dur\u00e9e de lecture estim\u00e9e\" \/>\n\t<meta name=\"twitter:data1\" content=\"1 minute\" \/>\n<script type=\"application\/ld+json\" class=\"yoast-schema-graph\">{\"@context\":\"https:\/\/schema.org\",\"@graph\":[{\"@type\":\"WebPage\",\"@id\":\"https:\/\/adminoption.com\/fr\/contactez-moi\/\",\"url\":\"https:\/\/adminoption.com\/fr\/contactez-moi\/\",\"name\":\"Contactez-moi - AdminOption\",\"isPartOf\":{\"@id\":\"https:\/\/adminoption.com\/fr\/#website\"},\"datePublished\":\"2020-08-27T14:29:11+00:00\",\"dateModified\":\"2025-06-10T20:40:52+00:00\",\"description\":\"AdminOption est une soci\u00e9t\u00e9 priv\u00e9e qui fournit des services d'assistance virtuelle administratifs et techniques. Contactez-nous pour plus me d'infos.\",\"breadcrumb\":{\"@id\":\"https:\/\/adminoption.com\/fr\/contactez-moi\/#breadcrumb\"},\"inLanguage\":\"fr-FR\",\"potentialAction\":[{\"@type\":\"ReadAction\",\"target\":[\"https:\/\/adminoption.com\/fr\/contactez-moi\/\"]}]},{\"@type\":\"BreadcrumbList\",\"@id\":\"https:\/\/adminoption.com\/fr\/contactez-moi\/#breadcrumb\",\"itemListElement\":[{\"@type\":\"ListItem\",\"position\":1,\"name\":\"Home\",\"item\":\"https:\/\/adminoption.com\/fr\/home\/\"},{\"@type\":\"ListItem\",\"position\":2,\"name\":\"Contactez-moi\"}]},{\"@type\":\"WebSite\",\"@id\":\"https:\/\/adminoption.com\/fr\/#website\",\"url\":\"https:\/\/adminoption.com\/fr\/\",\"name\":\"AdminOption\",\"description\":\"Virtual Assistant Services\",\"publisher\":{\"@id\":\"https:\/\/adminoption.com\/fr\/#organization\"},\"potentialAction\":[{\"@type\":\"SearchAction\",\"target\":{\"@type\":\"EntryPoint\",\"urlTemplate\":\"https:\/\/adminoption.com\/fr\/?s={search_term_string}\"},\"query-input\":{\"@type\":\"PropertyValueSpecification\",\"valueRequired\":true,\"valueName\":\"search_term_string\"}}],\"inLanguage\":\"fr-FR\"},{\"@type\":\"Organization\",\"@id\":\"https:\/\/adminoption.com\/fr\/#organization\",\"name\":\"AdminOption\",\"url\":\"https:\/\/adminoption.com\/fr\/\",\"logo\":{\"@type\":\"ImageObject\",\"inLanguage\":\"fr-FR\",\"@id\":\"https:\/\/adminoption.com\/fr\/#\/schema\/logo\/image\/\",\"url\":\"https:\/\/adminoption.com\/wp-content\/uploads\/2020\/08\/cropped-cropped-logo.png\",\"contentUrl\":\"https:\/\/adminoption.com\/wp-content\/uploads\/2020\/08\/cropped-cropped-logo.png\",\"width\":499,\"height\":185,\"caption\":\"AdminOption\"},\"image\":{\"@id\":\"https:\/\/adminoption.com\/fr\/#\/schema\/logo\/image\/\"},\"sameAs\":[\"https:\/\/www.facebook.com\/AdminOption\",\"https:\/\/www.instagram.com\/adminoption\/\",\"https:\/\/www.linkedin.com\/in\/gisele-cadieux-adminoption\/\",\"https:\/\/www.alignable.com\/montreal-qc\/adminoption\"]}]}<\/script>\n<!-- \/ Yoast SEO plugin. -->","yoast_head_json":{"title":"Contactez-moi - AdminOption","description":"AdminOption est une soci\u00e9t\u00e9 priv\u00e9e qui fournit des services d'assistance virtuelle administratifs et techniques. Contactez-nous pour plus me d'infos.","robots":{"index":"index","follow":"follow","max-snippet":"max-snippet:-1","max-image-preview":"max-image-preview:large","max-video-preview":"max-video-preview:-1"},"canonical":"https:\/\/adminoption.com\/fr\/contactez-moi\/","og_locale":"fr_FR","og_type":"article","og_title":"Contactez-moi - AdminOption","og_description":"AdminOption est une soci\u00e9t\u00e9 priv\u00e9e qui fournit des services d'assistance virtuelle administratifs et techniques. Contactez-nous pour plus me d'infos.","og_url":"https:\/\/adminoption.com\/fr\/contactez-moi\/","og_site_name":"AdminOption","article_publisher":"https:\/\/www.facebook.com\/AdminOption","article_modified_time":"2025-06-10T20:40:52+00:00","twitter_card":"summary_large_image","twitter_misc":{"Dur\u00e9e de lecture estim\u00e9e":"1 minute"},"schema":{"@context":"https:\/\/schema.org","@graph":[{"@type":"WebPage","@id":"https:\/\/adminoption.com\/fr\/contactez-moi\/","url":"https:\/\/adminoption.com\/fr\/contactez-moi\/","name":"Contactez-moi - AdminOption","isPartOf":{"@id":"https:\/\/adminoption.com\/fr\/#website"},"datePublished":"2020-08-27T14:29:11+00:00","dateModified":"2025-06-10T20:40:52+00:00","description":"AdminOption est une soci\u00e9t\u00e9 priv\u00e9e qui fournit des services d'assistance virtuelle administratifs et techniques. Contactez-nous pour plus me d'infos.","breadcrumb":{"@id":"https:\/\/adminoption.com\/fr\/contactez-moi\/#breadcrumb"},"inLanguage":"fr-FR","potentialAction":[{"@type":"ReadAction","target":["https:\/\/adminoption.com\/fr\/contactez-moi\/"]}]},{"@type":"BreadcrumbList","@id":"https:\/\/adminoption.com\/fr\/contactez-moi\/#breadcrumb","itemListElement":[{"@type":"ListItem","position":1,"name":"Home","item":"https:\/\/adminoption.com\/fr\/home\/"},{"@type":"ListItem","position":2,"name":"Contactez-moi"}]},{"@type":"WebSite","@id":"https:\/\/adminoption.com\/fr\/#website","url":"https:\/\/adminoption.com\/fr\/","name":"AdminOption","description":"Virtual Assistant Services","publisher":{"@id":"https:\/\/adminoption.com\/fr\/#organization"},"potentialAction":[{"@type":"SearchAction","target":{"@type":"EntryPoint","urlTemplate":"https:\/\/adminoption.com\/fr\/?s={search_term_string}"},"query-input":{"@type":"PropertyValueSpecification","valueRequired":true,"valueName":"search_term_string"}}],"inLanguage":"fr-FR"},{"@type":"Organization","@id":"https:\/\/adminoption.com\/fr\/#organization","name":"AdminOption","url":"https:\/\/adminoption.com\/fr\/","logo":{"@type":"ImageObject","inLanguage":"fr-FR","@id":"https:\/\/adminoption.com\/fr\/#\/schema\/logo\/image\/","url":"https:\/\/adminoption.com\/wp-content\/uploads\/2020\/08\/cropped-cropped-logo.png","contentUrl":"https:\/\/adminoption.com\/wp-content\/uploads\/2020\/08\/cropped-cropped-logo.png","width":499,"height":185,"caption":"AdminOption"},"image":{"@id":"https:\/\/adminoption.com\/fr\/#\/schema\/logo\/image\/"},"sameAs":["https:\/\/www.facebook.com\/AdminOption","https:\/\/www.instagram.com\/adminoption\/","https:\/\/www.linkedin.com\/in\/gisele-cadieux-adminoption\/","https:\/\/www.alignable.com\/montreal-qc\/adminoption"]}]}},"_links":{"self":[{"href":"https:\/\/adminoption.com\/fr\/wp-json\/wp\/v2\/pages\/399","targetHints":{"allow":["GET"]}}],"collection":[{"href":"https:\/\/adminoption.com\/fr\/wp-json\/wp\/v2\/pages"}],"about":[{"href":"https:\/\/adminoption.com\/fr\/wp-json\/wp\/v2\/types\/page"}],"author":[{"embeddable":true,"href":"https:\/\/adminoption.com\/fr\/wp-json\/wp\/v2\/users\/1"}],"replies":[{"embeddable":true,"href":"https:\/\/adminoption.com\/fr\/wp-json\/wp\/v2\/comments?post=399"}],"version-history":[{"count":46,"href":"https:\/\/adminoption.com\/fr\/wp-json\/wp\/v2\/pages\/399\/revisions"}],"predecessor-version":[{"id":2264,"href":"https:\/\/adminoption.com\/fr\/wp-json\/wp\/v2\/pages\/399\/revisions\/2264"}],"wp:attachment":[{"href":"https:\/\/adminoption.com\/fr\/wp-json\/wp\/v2\/media?parent=399"}],"curies":[{"name":"wp","href":"https:\/\/api.w.org\/{rel}","templated":true}]}}