{"id":718,"date":"2022-10-18T01:45:01","date_gmt":"2022-10-18T01:45:01","guid":{"rendered":"https:\/\/adminoption.com\/politique-de-confidentialite\/"},"modified":"2023-09-07T01:18:05","modified_gmt":"2023-09-07T01:18:05","slug":"politique-de-confidentialite","status":"publish","type":"page","link":"https:\/\/adminoption.com\/fr\/politique-de-confidentialite\/","title":{"rendered":"Politique de confidentialit\u00e9"},"content":{"rendered":"\t\t<div data-elementor-type=\"wp-page\" data-elementor-id=\"718\" class=\"elementor elementor-718 elementor-704\" data-elementor-post-type=\"page\">\n\t\t\t\t<div class=\"elementor-element elementor-element-95641c9 e-flex e-con-boxed elementor-repeater-item-default_padding elementor-repeater-item-none elementor-repeater-item-none_hover e-con e-parent\" data-id=\"95641c9\" data-element_type=\"container\" data-settings=\"{&quot;ang_container_spacing_size&quot;:&quot;default_padding&quot;}\">\n\t\t\t\t\t<div class=\"e-con-inner\">\n\t\t<div class=\"elementor-element elementor-element-acc2b12 e-con-full e-flex elementor-repeater-item-default_padding elementor-repeater-item-none elementor-repeater-item-none_hover e-con e-parent\" data-id=\"acc2b12\" data-element_type=\"container\" data-settings=\"{&quot;ang_container_spacing_size&quot;:&quot;default_padding&quot;}\">\n\t\t\t\t<\/div>\n\t\t\t\t\t<\/div>\n\t\t\t\t<\/div>\n\t\t<div class=\"elementor-element elementor-element-4ee0895 e-flex e-con-boxed elementor-repeater-item-default_padding elementor-repeater-item-none elementor-repeater-item-none_hover e-con e-parent\" data-id=\"4ee0895\" data-element_type=\"container\" data-settings=\"{&quot;ang_container_spacing_size&quot;:&quot;default_padding&quot;}\">\n\t\t\t\t\t<div class=\"e-con-inner\">\n\t\t\t\t<div class=\"elementor-element elementor-element-2b3801f elementor-repeater-item-none elementor-repeater-item-none_hover elementor-widget elementor-widget-text-editor\" data-id=\"2b3801f\" data-element_type=\"widget\" data-widget_type=\"text-editor.default\">\n\t\t\t\t<div class=\"elementor-widget-container\">\n\t\t\t\t\t\t\t\t\t<p><span style=\"color: #800000;\"><strong>INTRODUCTION<\/strong><\/span><\/p>\n<p>La pr\u00e9sente Politique de confidentialit\u00e9 contient des informations importantes sur vos Donn\u00e9es \u00e0 Caract\u00e8re Personnel et nous vous encourageons \u00e0 la lire attentivement.<br \/>Face \u00e0 l&rsquo;ampleur du Web et conform\u00e9ment aux outils de communication, AdminOption porte une attention particuli\u00e8re \u00e0 la protection des informations et de la vie priv\u00e9e de ses clients et s&rsquo;engage \u00e0 respecter la confidentialit\u00e9 des informations personnelles qu&rsquo;elle collecte et \u00e0 les prot\u00e9ger dans la mesure du possible, du mieux qu&rsquo;elle peut.<\/p>\n<p><span style=\"color: #800000;\"><strong>RAISONS DE LA COLLECTE DE DONN\u00c9ES<\/strong><\/span><\/p>\n<p>L&rsquo;objectif principal d&rsquo;AdminOption en mati\u00e8re de collecte d&rsquo;informations est pour lui permettre de fournir ses services digitals, d&rsquo;am\u00e9liorer ses offres et de communiquer avec vous. Les informations personnelles que nous collectons \u00e0 votre sujet peuvent \u00eatre utilis\u00e9es pour vous contacter ou vous identifier. Ceci comprend, sans toutefois s&rsquo;y limiter, votre nom, votre adresse e-mail, votre adresse de facturation et votre num\u00e9ro de t\u00e9l\u00e9phone.<\/p>\n<p><span style=\"color: #800000;\"><strong>NAVIGATION DU SITE WEB<\/strong><\/span><\/p>\n<p>Nous ne suivons pas r\u00e9guli\u00e8rement les visites de notre site Web \u00e0 des fins d&rsquo;analyse, de statistiques ou de publicit\u00e9 et ne communiquons aucune information collect\u00e9e \u00e0 des tiers, mais comme Google Analytics (GA) est install\u00e9, nous pouvons v\u00e9rifier l&rsquo;interaction sur le contenu de notre site Web de temps \u00e0 autre. Nous utilisons ces donn\u00e9es g\u00e9n\u00e9rales pour d\u00e9terminer combien de personnes visitent notre site, comment elles le trouvent et ce qu&rsquo;elles y trouvent utile. Aucune des informations collect\u00e9es via Google Analytics ne vous identifie personnellement. Vous pouvez trouver des d\u00e9tails sur l&rsquo;utilisation des cookies par Google Analytics dans les <em><span style=\"text-decoration: underline; color: #003300;\"><a style=\"color: #003300; text-decoration: underline;\" href=\"https:\/\/developers.google.com\/analytics\/devguides\/collection\/analyticsjs\/cookie-usage\">guides du d\u00e9veloppeur de Google<\/a><\/span><\/em> et vous pouvez emp\u00eacher Google de suivre toute partie de votre visite sur les pages de notre site Web en d\u00e9sactivant les cookies sur votre navigateur Internet ou en d\u00e9sactivant le suivi dans la case d&rsquo;option.<\/p>\n<p><span style=\"color: #800000;\"><strong>COMMENTAIRES BLOG ET FORMULAIRES DE CONTACT<\/strong><\/span><\/p>\n<p>Tous les commentaires sur nos articles de blog ont \u00e9t\u00e9 d\u00e9sactiv\u00e9s, aucune information n&rsquo;est donc collect\u00e9e via le contenu du blog.<\/p>\n<p>Les serveurs de messagerie desservant le formulaire de contact sur notre site Web sont prot\u00e9g\u00e9s par le cryptage SMTP.<br \/>Cependant, comme il n&rsquo;existe aucun m\u00e9canisme ou processus pouvant garantir une s\u00e9curit\u00e9 maximale et infaillible, les utilisateurs doivent \u00eatre conscients qu&rsquo;il existe toujours un risque lors de la transmission d&rsquo;informations via Internet.<br \/>Nous vous sugg\u00e9rons donc de toujours consid\u00e9rer le courrier \u00e9lectronique comme un support non s\u00e9curis\u00e9 et de ne pas inclure d&rsquo;informations personnelles, confidentielles ou sensibles dans un courrier \u00e9lectronique.<\/p>\n<p><span style=\"color: #800000;\"><strong>COLLECTE ET S\u00c9CURIT\u00c9 DES INFORMATIONS PENDANT LES CONTRATS<\/strong><\/span><\/p>\n<p>AdminOption s\u2019engage \u00e0 conserver les renseignements personnels de ses clients dans un environnement s\u00e9curis\u00e9 et de les maintenir en toute confidentialit\u00e9.<br \/>Bien que certaines informations, incluant \u00e9ventuellement des identifiants et des mots de passe, puissent \u00e9galement \u00eatre collect\u00e9es avec votre autorisation pr\u00e9alable, dans le cadre de l&rsquo;ex\u00e9cution du contrat de service, toutes les informations collect\u00e9es sont stock\u00e9es dans un gestionnaire de mots de passe s\u00e9curis\u00e9 et finalement utilis\u00e9es pour r\u00e9pondre \u00e0 vos besoins personnalis\u00e9s selon les termes. du contrat \u00e9tabli entre. Ces informations sont conserv\u00e9es pendant toute la dur\u00e9e du contrat de service et un an \u00e0 compter de la fin d&rsquo;un contrat de mandat. Vous pouvez demander que ces informations soient supprim\u00e9es au pr\u00e9alable, \u00e0 votre convenance, en nous contactant.<\/p>\n<p>Les informations de paiement personnelles sont collect\u00e9es via deux processeurs de paiement tiers : Stripe et Paypal. Ces informations comprennent votre nom, votre adresse e-mail, votre num\u00e9ro de t\u00e9l\u00e9phone et\/ou votre num\u00e9ro de carte de cr\u00e9dit et\/ou les identifiants de votre compte Paypal.<\/p>\n<p>AdminOption ne conserve aucune information personnelle identifiable ni aucune information financi\u00e8re fournie directement \u00e0 ces processeurs tiers, dont l&rsquo;utilisation de vos informations personnelles est r\u00e9gie par leur propre politique de confidentialit\u00e9, que vous pouvez consulter sur : <em><span style=\"text-decoration: underline; color: #003300;\">https:\/\/stripe.com\/en-ca\/privacy<\/span><\/em> pour Stripe et <span style=\"color: #003300;\"><em><span style=\"text-decoration: underline;\">https:\/\/www.paypal.com\/myaccount\/privacy\/privacyhub<\/span><\/em><\/span> pour Paypal.<\/p>\n<p><span style=\"color: #800000;\"><strong>SITES DE M\u00c9DIAS SOCIAUX<\/strong><\/span><\/p>\n<p>Notre service peut inclure des interfaces qui vous permettent de vous connecter aux sites de r\u00e9seaux sociaux. En fonction de vos param\u00e8tres sur un site de r\u00e9seau social, nous pouvons avoir acc\u00e8s, utiliser et stocker vos donn\u00e9es conform\u00e9ment \u00e0 cette politique. Vous pouvez r\u00e9voquer l&rsquo;acc\u00e8s aux informations que vous fournissez de cette mani\u00e8re \u00e0 tout moment en modifiant les param\u00e8tres appropri\u00e9s dans les param\u00e8tres de votre compte sur le site de r\u00e9seau social concern\u00e9.<\/p>\n<p><span style=\"color: #800000;\"><strong>LISTE COURRIEL<\/strong><\/span><\/p>\n<p>AdminOption et les soci\u00e9t\u00e9s associ\u00e9es s&rsquo;opposent au SPAM sous toutes ses formes. Nous ne vendrons, louerons, ni ne partagerons jamais vos informations avec qui que ce soit. Vous pouvez choisir de restreindre la collecte ou l&rsquo;utilisation de vos informations personnelles. Si vous avez pr\u00e9alablement accept\u00e9 que nous utilisions vos informations personnelles \u00e0 des fins de marketing direct par e-mail, vous pouvez changer d&rsquo;avis \u00e0 tout moment en cliquant sur le lien \u00ab se d\u00e9sabonner \u00bb au bas de tout e-mail que nous pourrions vous envoyer ou en nous envoyant un e-mail directement \u00e0 info@adminoption.com<br \/>Si vous pensez que les informations que nous d\u00e9tenons sur vous sont incorrectes ou incompl\u00e8tes, veuillez nous \u00e9crire ou nous envoyer un e-mail d\u00e8s que possible, \u00e0 l&rsquo;adresse ci-dessus et nous corrigerons rapidement nos informations.<\/p>\n<p>La directrice d&rsquo;AdminOption, Gis\u00e8le Cadieux, est la seule responsable des informations recueillies sur son site Internet. Vos informations personnelles ne seront pas vendues, \u00e9chang\u00e9es, transf\u00e9r\u00e9es, ou donn\u00e9es \u00e0 une autre soci\u00e9t\u00e9 pour n\u2019importe quelle raison, sans votre consentement, en dehors de ce qui est n\u00e9cessaire pour r\u00e9pondre \u00e0 une demande et\/ou une transaction.<br \/>Les donn\u00e9es sur les transactions sont conserv\u00e9es pour une dur\u00e9e de 7 ans suivant la date de la derni\u00e8re transaction en lien avec les lois fiscales du Qu\u00e9bec.<\/p>\n<p><strong><span style=\"color: #800000;\">H\u00c9BERGEMENT DU SITE ET SERVEURS<\/span><\/strong><br \/>Ce site Web est h\u00e9berg\u00e9 par Web Hosting Canada (WHC) et il est \u00e9quip\u00e9 d&rsquo;un pare-feu et d&rsquo;un protocole SSL \u2013 <span style=\"color: #003300;\"><em><a style=\"color: #003300;\" href=\"https:\/\/whc.ca\/legal\/privacy-policy#:~:text=This%20Privacy%20Policy%20describes%20the%20information%20we%20collect,choices%20regarding%20the%20information%20you%20provide%20to%20us.\">Politique de confidentialit\u00e9<\/a><\/em><\/span> &#8211; <\/p>\n<p>AdminOption utilise les processeurs tiers suivants :<br \/>Stripe (<span style=\"color: #003300;\"><em>Politique de confidentialit\u00e9<\/em><\/span>) <br \/>Paypal (<span style=\"color: #003300;\"><em><a style=\"color: #003300;\" href=\"https:\/\/www.paypal.com\/myaccount\/privacy\/privacyhub\">Politique de confidentialit\u00e9<\/a><\/em><\/span>)<\/p>\n<p><span style=\"color: #800000;\"><strong>LIENS VERS D&rsquo;AUTRES SITES WEB<\/strong><\/span><\/p>\n<p>Notre site Internet peut contenir des liens vers d\u2019autres sites Internet (affili\u00e9s ou r\u00e9f\u00e9rentiels). Une fois que vous avez cliqu\u00e9 sur ces liens, vous \u00eates redirig\u00e9 vers des sites qui ne sont pas r\u00e9gis par cette politique de confidentialit\u00e9. Nous ne pouvons \u00eatre responsables de la protection et de la confidentialit\u00e9 des informations que vous fournissez lors de votre visite sur ces sites Web, car nous n&rsquo;avons aucun contr\u00f4le sur les autres sites Web. Vous devez les utiliser avec prudence et consulter la d\u00e9claration de confidentialit\u00e9 applicable \u00e0 chaque site Web particulier.<\/p>\n<p><strong><span style=\"color: #800000;\">L\u00c9GISLATION<\/span><\/strong><\/p>\n<p>AdminOption s&rsquo;engage \u00e0 respecter les lois canadiennes RGPD, \u00e0 se conformer aux r\u00e9glementations europ\u00e9ennes sur la protection des donn\u00e9es et \u00e0 la nouvelle loi 25 du Qu\u00e9bec.<\/p>\n<p>\u00c0 titre d\u2019information, le R\u00e8glement g\u00e9n\u00e9ral sur la protection des donn\u00e9es (RGPD) est un r\u00e8glement qui harmonise les lois nationales de protection des donn\u00e9es au sein de l\u2019Union europ\u00e9enne (UE) et qui renforce la protection de tous les r\u00e9sidents de l\u2019UE en ce qui a trait \u00e0 la confidentialit\u00e9 de leurs donn\u00e9es personnelles.<\/p>\n<p>Toute violation ill\u00e9gale des donn\u00e9es de la base de donn\u00e9es de ce site Web ou de la ou des bases de donn\u00e9es de l&rsquo;un de nos processeurs de donn\u00e9es tiers sera signal\u00e9e \u00e0 toutes les personnes et autorit\u00e9s comp\u00e9tentes dans les 72 heures suivant la violation s&rsquo;il est \u00e9vident que les donn\u00e9es personnelles stock\u00e9es dans un un homme identifiable a \u00e9t\u00e9 vol\u00e9.<\/p>\n<p><strong><span style=\"color: #800000;\">DROITS ET CONSENTEMENT<\/span><\/strong><\/p>\n<p>Vous disposez de droits et de choix concernant notre collecte, utilisation et divulgation de vos renseignements \u00e0 caract\u00e8re personnel.<br \/>Pour toute question relative \u00e0 l\u2019utilisation de vos renseignements personnels et \u00e0 cette politique de confidentialit\u00e9, veuillez communiquer par courriel \u00e0 : info@adminoption.com<br \/>En utilisant notre site et en soumettant des informations via ce site Web, vous consentez \u00e0 notre politique de confidentialit\u00e9.<\/p>\n<p>AdminOption se r\u00e9serve le droit, \u00e0 sa seule discr\u00e9tion, de changer, modifier, ajouter et\/ou supprimer des parties de cette politique de confidentialit\u00e9 \u00e0 tout moment. Toutes les modifications apport\u00e9es \u00e0 la politique de confidentialit\u00e9 entreront en vigueur imm\u00e9diatement apr\u00e8s leur publication sur le site. Veuillez consulter cette page p\u00e9riodiquement pour tout changement. Votre utilisation continue du site et\/ou votre refus de vous d\u00e9sinscrire des e-mails qui vous sont envoy\u00e9s suite \u00e0 la publication de modifications apport\u00e9es \u00e0 cette politique de confidentialit\u00e9 constituent votre acceptation de toutes les modifications.<\/p>\n<p>Nous nous engageons \u00e0 garantir que votre vie priv\u00e9e soit prot\u00e9g\u00e9e. Vous pouvez \u00eatre assur\u00e9 que toute information que vous fournissez et permettant de vous identifier ne sera utilis\u00e9e que conform\u00e9ment \u00e0 cette d\u00e9claration de confidentialit\u00e9.<\/p>\n\t\t\t\t\t\t\t\t<\/div>\n\t\t\t\t<\/div>\n\t\t\t\t\t<\/div>\n\t\t\t\t<\/div>\n\t\t\t\t<\/div>\n\t\t","protected":false},"excerpt":{"rendered":"<p>INTRODUCTION La pr\u00e9sente Politique de confidentialit\u00e9 contient des informations importantes sur vos Donn\u00e9es \u00e0 Caract\u00e8re Personnel et nous vous encourageons \u00e0 la lire attentivement.Face \u00e0 l&rsquo;ampleur du Web et conform\u00e9ment aux outils de communication, AdminOption porte une attention particuli\u00e8re \u00e0 la protection des informations et de la vie priv\u00e9e de ses clients et s&rsquo;engage \u00e0 [&hellip;]<\/p>\n","protected":false},"author":1,"featured_media":0,"parent":0,"menu_order":0,"comment_status":"closed","ping_status":"closed","template":"","meta":{"footnotes":""},"class_list":["post-718","page","type-page","status-publish","hentry"],"yoast_head":"<!-- This site is optimized with the Yoast SEO plugin v26.7 - https:\/\/yoast.com\/wordpress\/plugins\/seo\/ -->\n<title>Politique de confidentialit\u00e9 - AdminOption<\/title>\n<meta name=\"robots\" content=\"index, follow, max-snippet:-1, max-image-preview:large, max-video-preview:-1\" \/>\n<link rel=\"canonical\" href=\"https:\/\/adminoption.com\/fr\/politique-de-confidentialite\/\" \/>\n<meta property=\"og:locale\" content=\"fr_FR\" \/>\n<meta property=\"og:type\" content=\"article\" \/>\n<meta property=\"og:title\" content=\"Politique de confidentialit\u00e9 - AdminOption\" \/>\n<meta property=\"og:description\" content=\"INTRODUCTION La pr\u00e9sente Politique de confidentialit\u00e9 contient des informations importantes sur vos Donn\u00e9es \u00e0 Caract\u00e8re Personnel et nous vous encourageons \u00e0 la lire attentivement.Face \u00e0 l&rsquo;ampleur du Web et conform\u00e9ment aux outils de communication, AdminOption porte une attention particuli\u00e8re \u00e0 la protection des informations et de la vie priv\u00e9e de ses clients et s&rsquo;engage \u00e0 [&hellip;]\" \/>\n<meta property=\"og:url\" content=\"https:\/\/adminoption.com\/fr\/politique-de-confidentialite\/\" \/>\n<meta property=\"og:site_name\" content=\"AdminOption\" \/>\n<meta property=\"article:publisher\" content=\"https:\/\/www.facebook.com\/AdminOption\" \/>\n<meta property=\"article:modified_time\" content=\"2023-09-07T01:18:05+00:00\" \/>\n<meta name=\"twitter:card\" content=\"summary_large_image\" \/>\n<meta name=\"twitter:label1\" content=\"Dur\u00e9e de lecture estim\u00e9e\" \/>\n\t<meta name=\"twitter:data1\" content=\"7 minutes\" \/>\n<script type=\"application\/ld+json\" class=\"yoast-schema-graph\">{\"@context\":\"https:\/\/schema.org\",\"@graph\":[{\"@type\":\"WebPage\",\"@id\":\"https:\/\/adminoption.com\/fr\/politique-de-confidentialite\/\",\"url\":\"https:\/\/adminoption.com\/fr\/politique-de-confidentialite\/\",\"name\":\"Politique de confidentialit\u00e9 - AdminOption\",\"isPartOf\":{\"@id\":\"https:\/\/adminoption.com\/fr\/#website\"},\"datePublished\":\"2022-10-18T01:45:01+00:00\",\"dateModified\":\"2023-09-07T01:18:05+00:00\",\"breadcrumb\":{\"@id\":\"https:\/\/adminoption.com\/fr\/politique-de-confidentialite\/#breadcrumb\"},\"inLanguage\":\"fr-FR\",\"potentialAction\":[{\"@type\":\"ReadAction\",\"target\":[\"https:\/\/adminoption.com\/fr\/politique-de-confidentialite\/\"]}]},{\"@type\":\"BreadcrumbList\",\"@id\":\"https:\/\/adminoption.com\/fr\/politique-de-confidentialite\/#breadcrumb\",\"itemListElement\":[{\"@type\":\"ListItem\",\"position\":1,\"name\":\"Home\",\"item\":\"https:\/\/adminoption.com\/fr\/home\/\"},{\"@type\":\"ListItem\",\"position\":2,\"name\":\"Politique de confidentialit\u00e9\"}]},{\"@type\":\"WebSite\",\"@id\":\"https:\/\/adminoption.com\/fr\/#website\",\"url\":\"https:\/\/adminoption.com\/fr\/\",\"name\":\"AdminOption\",\"description\":\"Virtual Assistant Services\",\"publisher\":{\"@id\":\"https:\/\/adminoption.com\/fr\/#organization\"},\"potentialAction\":[{\"@type\":\"SearchAction\",\"target\":{\"@type\":\"EntryPoint\",\"urlTemplate\":\"https:\/\/adminoption.com\/fr\/?s={search_term_string}\"},\"query-input\":{\"@type\":\"PropertyValueSpecification\",\"valueRequired\":true,\"valueName\":\"search_term_string\"}}],\"inLanguage\":\"fr-FR\"},{\"@type\":\"Organization\",\"@id\":\"https:\/\/adminoption.com\/fr\/#organization\",\"name\":\"AdminOption\",\"url\":\"https:\/\/adminoption.com\/fr\/\",\"logo\":{\"@type\":\"ImageObject\",\"inLanguage\":\"fr-FR\",\"@id\":\"https:\/\/adminoption.com\/fr\/#\/schema\/logo\/image\/\",\"url\":\"https:\/\/adminoption.com\/wp-content\/uploads\/2020\/08\/cropped-cropped-logo.png\",\"contentUrl\":\"https:\/\/adminoption.com\/wp-content\/uploads\/2020\/08\/cropped-cropped-logo.png\",\"width\":499,\"height\":185,\"caption\":\"AdminOption\"},\"image\":{\"@id\":\"https:\/\/adminoption.com\/fr\/#\/schema\/logo\/image\/\"},\"sameAs\":[\"https:\/\/www.facebook.com\/AdminOption\",\"https:\/\/www.instagram.com\/adminoption\/\",\"https:\/\/www.linkedin.com\/in\/gisele-cadieux-adminoption\/\",\"https:\/\/www.alignable.com\/montreal-qc\/adminoption\"]}]}<\/script>\n<!-- \/ Yoast SEO plugin. -->","yoast_head_json":{"title":"Politique de confidentialit\u00e9 - AdminOption","robots":{"index":"index","follow":"follow","max-snippet":"max-snippet:-1","max-image-preview":"max-image-preview:large","max-video-preview":"max-video-preview:-1"},"canonical":"https:\/\/adminoption.com\/fr\/politique-de-confidentialite\/","og_locale":"fr_FR","og_type":"article","og_title":"Politique de confidentialit\u00e9 - AdminOption","og_description":"INTRODUCTION La pr\u00e9sente Politique de confidentialit\u00e9 contient des informations importantes sur vos Donn\u00e9es \u00e0 Caract\u00e8re Personnel et nous vous encourageons \u00e0 la lire attentivement.Face \u00e0 l&rsquo;ampleur du Web et conform\u00e9ment aux outils de communication, AdminOption porte une attention particuli\u00e8re \u00e0 la protection des informations et de la vie priv\u00e9e de ses clients et s&rsquo;engage \u00e0 [&hellip;]","og_url":"https:\/\/adminoption.com\/fr\/politique-de-confidentialite\/","og_site_name":"AdminOption","article_publisher":"https:\/\/www.facebook.com\/AdminOption","article_modified_time":"2023-09-07T01:18:05+00:00","twitter_card":"summary_large_image","twitter_misc":{"Dur\u00e9e de lecture estim\u00e9e":"7 minutes"},"schema":{"@context":"https:\/\/schema.org","@graph":[{"@type":"WebPage","@id":"https:\/\/adminoption.com\/fr\/politique-de-confidentialite\/","url":"https:\/\/adminoption.com\/fr\/politique-de-confidentialite\/","name":"Politique de confidentialit\u00e9 - AdminOption","isPartOf":{"@id":"https:\/\/adminoption.com\/fr\/#website"},"datePublished":"2022-10-18T01:45:01+00:00","dateModified":"2023-09-07T01:18:05+00:00","breadcrumb":{"@id":"https:\/\/adminoption.com\/fr\/politique-de-confidentialite\/#breadcrumb"},"inLanguage":"fr-FR","potentialAction":[{"@type":"ReadAction","target":["https:\/\/adminoption.com\/fr\/politique-de-confidentialite\/"]}]},{"@type":"BreadcrumbList","@id":"https:\/\/adminoption.com\/fr\/politique-de-confidentialite\/#breadcrumb","itemListElement":[{"@type":"ListItem","position":1,"name":"Home","item":"https:\/\/adminoption.com\/fr\/home\/"},{"@type":"ListItem","position":2,"name":"Politique de confidentialit\u00e9"}]},{"@type":"WebSite","@id":"https:\/\/adminoption.com\/fr\/#website","url":"https:\/\/adminoption.com\/fr\/","name":"AdminOption","description":"Virtual Assistant Services","publisher":{"@id":"https:\/\/adminoption.com\/fr\/#organization"},"potentialAction":[{"@type":"SearchAction","target":{"@type":"EntryPoint","urlTemplate":"https:\/\/adminoption.com\/fr\/?s={search_term_string}"},"query-input":{"@type":"PropertyValueSpecification","valueRequired":true,"valueName":"search_term_string"}}],"inLanguage":"fr-FR"},{"@type":"Organization","@id":"https:\/\/adminoption.com\/fr\/#organization","name":"AdminOption","url":"https:\/\/adminoption.com\/fr\/","logo":{"@type":"ImageObject","inLanguage":"fr-FR","@id":"https:\/\/adminoption.com\/fr\/#\/schema\/logo\/image\/","url":"https:\/\/adminoption.com\/wp-content\/uploads\/2020\/08\/cropped-cropped-logo.png","contentUrl":"https:\/\/adminoption.com\/wp-content\/uploads\/2020\/08\/cropped-cropped-logo.png","width":499,"height":185,"caption":"AdminOption"},"image":{"@id":"https:\/\/adminoption.com\/fr\/#\/schema\/logo\/image\/"},"sameAs":["https:\/\/www.facebook.com\/AdminOption","https:\/\/www.instagram.com\/adminoption\/","https:\/\/www.linkedin.com\/in\/gisele-cadieux-adminoption\/","https:\/\/www.alignable.com\/montreal-qc\/adminoption"]}]}},"_links":{"self":[{"href":"https:\/\/adminoption.com\/fr\/wp-json\/wp\/v2\/pages\/718","targetHints":{"allow":["GET"]}}],"collection":[{"href":"https:\/\/adminoption.com\/fr\/wp-json\/wp\/v2\/pages"}],"about":[{"href":"https:\/\/adminoption.com\/fr\/wp-json\/wp\/v2\/types\/page"}],"author":[{"embeddable":true,"href":"https:\/\/adminoption.com\/fr\/wp-json\/wp\/v2\/users\/1"}],"replies":[{"embeddable":true,"href":"https:\/\/adminoption.com\/fr\/wp-json\/wp\/v2\/comments?post=718"}],"version-history":[{"count":7,"href":"https:\/\/adminoption.com\/fr\/wp-json\/wp\/v2\/pages\/718\/revisions"}],"predecessor-version":[{"id":2078,"href":"https:\/\/adminoption.com\/fr\/wp-json\/wp\/v2\/pages\/718\/revisions\/2078"}],"wp:attachment":[{"href":"https:\/\/adminoption.com\/fr\/wp-json\/wp\/v2\/media?parent=718"}],"curies":[{"name":"wp","href":"https:\/\/api.w.org\/{rel}","templated":true}]}}